{"id":1306,"date":"2018-04-03T07:06:47","date_gmt":"2018-04-03T07:06:47","guid":{"rendered":"https:\/\/svajcimunka.com\/hirek\/"},"modified":"2023-09-20T13:56:35","modified_gmt":"2023-09-20T13:56:35","slug":"hirek","status":"publish","type":"page","link":"https:\/\/svajcimunka.com\/hu\/hirek\/","title":{"rendered":"H\u00edrek"},"content":{"rendered":"\n<style type=\"text\/css\" data-created_by=\"avia_inline_auto\" id=\"style-css-av-145nae-651eae05fb78bdd4dd273144f78011ac\">\n.avia-section.av-145nae-651eae05fb78bdd4dd273144f78011ac{\nbackground-repeat:no-repeat;\nbackground-image:url(https:\/\/i0.wp.com\/svajcimunka.com\/wp-content\/uploads\/2018\/05\/hero-blurred.jpg?fit=1800%2C750&ssl=1);\nbackground-position:50% 50%;\nbackground-attachment:scroll;\n}\n.avia-section.av-145nae-651eae05fb78bdd4dd273144f78011ac .av-section-color-overlay{\nopacity:0.6;\nbackground-color:#084a79;\n}\n<\/style>\n<div id='av_section_1'  class='avia-section av-145nae-651eae05fb78bdd4dd273144f78011ac main_color avia-section-default avia-no-border-styling  avia-builder-el-0  el_before_av_section  avia-builder-el-first  avia-full-stretch avia-bg-style-scroll av-section-color-overlay-active av-minimum-height av-minimum-height-custom av-height-custom  container_wrap fullsize'  data-section-bg-repeat='stretch' data-av_minimum_height_px='230'><div class=\"av-section-color-overlay-wrap\"><div class=\"av-section-color-overlay\"><\/div><div class='container av-section-cont-open' style='height:230px'><main  role=\"main\" itemprop=\"mainContentOfPage\"  class='template-page content  av-content-full alpha units'><div class='post-entry post-entry-type-page post-entry-1306'><div class='entry-content-wrapper clearfix'>\n\n<style type=\"text\/css\" data-created_by=\"avia_inline_auto\" id=\"style-css-av-jgf3pjem-ee2a691ebc0a9a100bc99d372a9c72ca\">\n#top .flex_column.av-jgf3pjem-ee2a691ebc0a9a100bc99d372a9c72ca{\nmargin-top:0px;\nmargin-bottom:0px;\n}\n.flex_column.av-jgf3pjem-ee2a691ebc0a9a100bc99d372a9c72ca{\n-webkit-border-radius:0px 0px 0px 0px;\n-moz-border-radius:0px 0px 0px 0px;\nborder-radius:0px 0px 0px 0px;\npadding:0px 0px 0px 0px;\n}\n.responsive #top #wrap_all .flex_column.av-jgf3pjem-ee2a691ebc0a9a100bc99d372a9c72ca{\nmargin-top:0px;\nmargin-bottom:0px;\n}\n<\/style>\n<div  class='flex_column av-jgf3pjem-ee2a691ebc0a9a100bc99d372a9c72ca av_one_full  avia-builder-el-1  avia-builder-el-no-sibling  first flex_column_div av-animated-generic left-to-right av-zero-column-padding  '     ><style type=\"text\/css\" data-created_by=\"avia_inline_auto\" id=\"style-css-av-jgwcagpn-262913564ee598f9d44eedbca1a2062c\">\n#top .av-special-heading.av-jgwcagpn-262913564ee598f9d44eedbca1a2062c{\nmargin:0 0 0 0;\npadding-bottom:0;\ncolor:#ffffff;\nfont-size:5vw;\n}\nbody .av-special-heading.av-jgwcagpn-262913564ee598f9d44eedbca1a2062c .av-special-heading-tag .heading-char{\nfont-size:25px;\n}\n#top #wrap_all .av-special-heading.av-jgwcagpn-262913564ee598f9d44eedbca1a2062c .av-special-heading-tag{\nfont-size:5vw;\n}\n.av-special-heading.av-jgwcagpn-262913564ee598f9d44eedbca1a2062c .special-heading-inner-border{\nborder-color:#ffffff;\n}\n.av-special-heading.av-jgwcagpn-262913564ee598f9d44eedbca1a2062c .av-subheading{\nfont-size:25px;\n}\n\n@media only screen and (min-width: 480px) and (max-width: 767px){ \n#top #wrap_all .av-special-heading.av-jgwcagpn-262913564ee598f9d44eedbca1a2062c .av-special-heading-tag{\nfont-size:0.8em;\n}\n}\n\n@media only screen and (max-width: 479px){ \n#top #wrap_all .av-special-heading.av-jgwcagpn-262913564ee598f9d44eedbca1a2062c .av-special-heading-tag{\nfont-size:0.8em;\n}\n}\n<\/style>\n<div  class='av-special-heading av-jgwcagpn-262913564ee598f9d44eedbca1a2062c av-special-heading-h2 custom-color-heading blockquote modern-quote modern-centered  avia-builder-el-2  avia-builder-el-no-sibling  av-inherit-size'><h2 class='av-special-heading-tag'  itemprop=\"headline\"  >Legfrissebb h\u00edrek<\/h2><div class=\"special-heading-border\"><div class=\"special-heading-inner-border\"><\/div><\/div><\/div><\/div>\n\n<\/div><\/div><\/main><!-- close content main element --><\/div><\/div><\/div><div id='av_section_2'  class='avia-section av-145nae-1-eedae98c78b3fa98d2aebd416d292873 main_color avia-section-huge avia-no-shadow  avia-builder-el-3  el_after_av_section  avia-builder-el-last  avia-bg-style-scroll container_wrap fullsize'  ><div class='container av-section-cont-open' ><div class='template-page content  av-content-full alpha units'><div class='post-entry post-entry-type-page post-entry-1306'><div class='entry-content-wrapper clearfix'>\n\n<style type=\"text\/css\" data-created_by=\"avia_inline_auto\" id=\"style-css-av-jfg5nepn-bd97e5ba368539c77ab80242598ca79d\">\n#top .flex_column.av-jfg5nepn-bd97e5ba368539c77ab80242598ca79d{\nmargin-top:0px;\nmargin-bottom:0px;\n}\n.flex_column.av-jfg5nepn-bd97e5ba368539c77ab80242598ca79d{\n-webkit-border-radius:0px 0px 0px 0px;\n-moz-border-radius:0px 0px 0px 0px;\nborder-radius:0px 0px 0px 0px;\npadding:0px 0px 0px 0px;\n}\n.responsive #top #wrap_all .flex_column.av-jfg5nepn-bd97e5ba368539c77ab80242598ca79d{\nmargin-top:0px;\nmargin-bottom:0px;\n}\n<\/style>\n<div  class='flex_column av-jfg5nepn-bd97e5ba368539c77ab80242598ca79d av_one_full  avia-builder-el-4  avia-builder-el-no-sibling  first flex_column_div av-animated-generic fade-in av-zero-column-padding  '     ><div id='av-masonry-1' class='av-masonry av-jfjbn9h2-f1519a651c0c019d53f994a90123429e noHover av-fixed-size av-large-gap av-hover-overlay-active av-masonry-animation-active av-masonry-col-4 av-caption-always av-caption-style- av-masonry-entries av-orientation-portrait-large ' data-post_id=\"1306\"><div class=\"av-masonry-container isotope av-js-disabled\"><div class='av-masonry-entry isotope-item av-masonry-item-no-image '><\/div><a href=\"https:\/\/svajcimunka.com\/hu\/kelet-europai-szakmunkasok\/\"  id='av-masonry-1-item-1292' data-av-masonry-item='1292' class='av-masonry-entry isotope-item post-1292 page type-page status-publish hentry  av-masonry-item-no-image' title=\"Kelet-eur\u00f3pai szakmunk\u00e1sok\"   itemscope=\"itemscope\" itemtype=\"https:\/\/schema.org\/CreativeWork\" ><div class='av-inner-masonry-sizer'><\/div><figure class='av-inner-masonry main_color'><figcaption class='av-inner-masonry-content site-background'><div class='av-inner-masonry-content-pos'><div class='av-inner-masonry-content-pos-content'><div class='avia-arrow'><\/div><h3 class='av-masonry-entry-title entry-title '  itemprop=\"headline\" >Kelet-eur\u00f3pai szakmunk\u00e1sok<\/h3><\/div><\/div><\/figcaption><\/figure><\/a><!--end av-masonry entry--><a href=\"https:\/\/svajcimunka.com\/hu\/845\/\"  id='av-masonry-1-item-845' data-av-masonry-item='845' class='av-masonry-entry isotope-item post-845 nav_menu_item type-nav_menu_item status-publish hentry  av-masonry-item-no-image' title=\"\"   itemscope=\"itemscope\" itemtype=\"https:\/\/schema.org\/CreativeWork\" ><div class='av-inner-masonry-sizer'><\/div><figure class='av-inner-masonry main_color'><figcaption class='av-inner-masonry-content site-background'><div class='av-inner-masonry-content-pos'><div class='av-inner-masonry-content-pos-content'><div class='avia-arrow'><\/div><h3 class='av-masonry-entry-title entry-title '  itemprop=\"headline\" ><\/h3><\/div><\/div><\/figcaption><\/figure><\/a><!--end av-masonry entry--><a href=\"https:\/\/svajcimunka.com\/hu\/846\/\"  id='av-masonry-1-item-846' data-av-masonry-item='846' class='av-masonry-entry isotope-item post-846 nav_menu_item type-nav_menu_item status-publish hentry  av-masonry-item-no-image' title=\"FAQ\"   itemscope=\"itemscope\" itemtype=\"https:\/\/schema.org\/CreativeWork\" ><div class='av-inner-masonry-sizer'><\/div><figure class='av-inner-masonry main_color'><figcaption class='av-inner-masonry-content site-background'><div class='av-inner-masonry-content-pos'><div class='av-inner-masonry-content-pos-content'><div class='avia-arrow'><\/div><h3 class='av-masonry-entry-title entry-title '  itemprop=\"headline\" >FAQ<\/h3><\/div><\/div><\/figcaption><\/figure><\/a><!--end av-masonry entry--><a href=\"https:\/\/svajcimunka.com\/hu\/847\/\"  id='av-masonry-1-item-847' data-av-masonry-item='847' class='av-masonry-entry isotope-item post-847 nav_menu_item type-nav_menu_item status-publish hentry  av-masonry-item-no-image' title=\"\"   itemscope=\"itemscope\" itemtype=\"https:\/\/schema.org\/CreativeWork\" ><div class='av-inner-masonry-sizer'><\/div><figure class='av-inner-masonry main_color'><figcaption class='av-inner-masonry-content site-background'><div class='av-inner-masonry-content-pos'><div class='av-inner-masonry-content-pos-content'><div class='avia-arrow'><\/div><h3 class='av-masonry-entry-title entry-title '  itemprop=\"headline\" ><\/h3><\/div><\/div><\/figcaption><\/figure><\/a><!--end av-masonry entry--><a href=\"https:\/\/svajcimunka.com\/hu\/848\/\"  id='av-masonry-1-item-848' data-av-masonry-item='848' class='av-masonry-entry isotope-item post-848 nav_menu_item type-nav_menu_item status-publish hentry  av-masonry-item-no-image' title=\"\"   itemscope=\"itemscope\" itemtype=\"https:\/\/schema.org\/CreativeWork\" ><div class='av-inner-masonry-sizer'><\/div><figure class='av-inner-masonry main_color'><figcaption class='av-inner-masonry-content site-background'><div class='av-inner-masonry-content-pos'><div class='av-inner-masonry-content-pos-content'><div class='avia-arrow'><\/div><h3 class='av-masonry-entry-title entry-title '  itemprop=\"headline\" ><\/h3><\/div><\/div><\/figcaption><\/figure><\/a><!--end av-masonry entry--><a href=\"https:\/\/svajcimunka.com\/hu\/849\/\"  id='av-masonry-1-item-849' data-av-masonry-item='849' class='av-masonry-entry isotope-item post-849 nav_menu_item type-nav_menu_item status-publish hentry  av-masonry-item-no-image' title=\"\"   itemscope=\"itemscope\" itemtype=\"https:\/\/schema.org\/CreativeWork\" ><div class='av-inner-masonry-sizer'><\/div><figure class='av-inner-masonry main_color'><figcaption class='av-inner-masonry-content site-background'><div class='av-inner-masonry-content-pos'><div class='av-inner-masonry-content-pos-content'><div class='avia-arrow'><\/div><h3 class='av-masonry-entry-title entry-title '  itemprop=\"headline\" ><\/h3><\/div><\/div><\/figcaption><\/figure><\/a><!--end av-masonry entry--><a href=\"https:\/\/svajcimunka.com\/hu\/852\/\"  id='av-masonry-1-item-852' data-av-masonry-item='852' class='av-masonry-entry isotope-item post-852 nav_menu_item type-nav_menu_item status-publish hentry  av-masonry-item-no-image' title=\"\"   itemscope=\"itemscope\" itemtype=\"https:\/\/schema.org\/CreativeWork\" ><div class='av-inner-masonry-sizer'><\/div><figure class='av-inner-masonry main_color'><figcaption class='av-inner-masonry-content site-background'><div class='av-inner-masonry-content-pos'><div class='av-inner-masonry-content-pos-content'><div class='avia-arrow'><\/div><h3 class='av-masonry-entry-title entry-title '  itemprop=\"headline\" ><\/h3><\/div><\/div><\/figcaption><\/figure><\/a><!--end av-masonry entry--><a href=\"https:\/\/svajcimunka.com\/hu\/wp-global-styles-enfold-child\/\"  id='av-masonry-1-item-858' data-av-masonry-item='858' class='av-masonry-entry isotope-item post-858 wp_global_styles type-wp_global_styles status-publish hentry  av-masonry-item-no-image' title=\"Custom Styles\"   itemscope=\"itemscope\" itemtype=\"https:\/\/schema.org\/CreativeWork\" ><div class='av-inner-masonry-sizer'><\/div><figure class='av-inner-masonry main_color'><figcaption class='av-inner-masonry-content site-background'><div class='av-inner-masonry-content-pos'><div class='av-inner-masonry-content-pos-content'><div class='avia-arrow'><\/div><h3 class='av-masonry-entry-title entry-title '  itemprop=\"headline\" >Custom Styles<\/h3><div class='av-masonry-entry-content entry-content'  itemprop=\"text\" >{\"version\": 2, \"isGlobalStylesUserThemeJSON\": true }<\/div><\/div><\/div><\/figcaption><\/figure><\/a><!--end av-masonry entry--><\/div><div class='av-masonry-pagination av-masonry-pagination-pagination'><nav class='pagination'><span class='pagination-meta'>Oldal 1 \/ 2<\/span><span class='current'>1<\/span><a href='https:\/\/svajcimunka.com\/hu\/wp-json\/wp\/v2\/pages\/1306\/?avia-element-paging=2' class='inactive next_page' >2<\/a><\/nav>\n<\/div><\/div><\/div>\n\n","protected":false},"excerpt":{"rendered":"","protected":false},"author":1,"featured_media":0,"parent":0,"menu_order":0,"comment_status":"closed","ping_status":"closed","template":"","meta":{"footnotes":""},"class_list":["post-1306","page","type-page","status-publish","hentry"],"yoast_head":"<!-- This site is optimized with the Yoast SEO plugin v20.7 - https:\/\/yoast.com\/wordpress\/plugins\/seo\/ -->\n<title>H\u00edrek - Svajci Munka<\/title>\n<meta name=\"robots\" content=\"index, follow, max-snippet:-1, max-image-preview:large, max-video-preview:-1\" \/>\n<link rel=\"canonical\" href=\"https:\/\/svajcimunka.com\/hu\/hirek\/\" \/>\n<meta property=\"og:locale\" content=\"hu_HU\" \/>\n<meta property=\"og:type\" content=\"article\" \/>\n<meta property=\"og:title\" content=\"H\u00edrek - Svajci Munka\" \/>\n<meta property=\"og:url\" content=\"https:\/\/svajcimunka.com\/hu\/hirek\/\" \/>\n<meta property=\"og:site_name\" content=\"Svajci Munka\" \/>\n<meta property=\"article:modified_time\" content=\"2023-09-20T13:56:35+00:00\" \/>\n<meta name=\"twitter:card\" content=\"summary_large_image\" \/>\n<meta name=\"twitter:label1\" content=\"Becs\u00fclt olvas\u00e1si id\u0151\" \/>\n\t<meta name=\"twitter:data1\" content=\"3 perc\" \/>\n<script type=\"application\/ld+json\" class=\"yoast-schema-graph\">{\"@context\":\"https:\/\/schema.org\",\"@graph\":[{\"@type\":\"WebPage\",\"@id\":\"https:\/\/svajcimunka.com\/hu\/hirek\/\",\"url\":\"https:\/\/svajcimunka.com\/hu\/hirek\/\",\"name\":\"H\u00edrek - Svajci Munka\",\"isPartOf\":{\"@id\":\"https:\/\/svajcimunka.com\/hu\/#website\"},\"datePublished\":\"2018-04-03T07:06:47+00:00\",\"dateModified\":\"2023-09-20T13:56:35+00:00\",\"breadcrumb\":{\"@id\":\"https:\/\/svajcimunka.com\/hu\/hirek\/#breadcrumb\"},\"inLanguage\":\"hu\",\"potentialAction\":[{\"@type\":\"ReadAction\",\"target\":[\"https:\/\/svajcimunka.com\/hu\/hirek\/\"]}]},{\"@type\":\"BreadcrumbList\",\"@id\":\"https:\/\/svajcimunka.com\/hu\/hirek\/#breadcrumb\",\"itemListElement\":[{\"@type\":\"ListItem\",\"position\":1,\"name\":\"Home\",\"item\":\"https:\/\/svajcimunka.com\/hu\/home\/\"},{\"@type\":\"ListItem\",\"position\":2,\"name\":\"H\u00edrek\"}]},{\"@type\":\"WebSite\",\"@id\":\"https:\/\/svajcimunka.com\/hu\/#website\",\"url\":\"https:\/\/svajcimunka.com\/hu\/\",\"name\":\"Svajci Munka\",\"description\":\"\",\"potentialAction\":[{\"@type\":\"SearchAction\",\"target\":{\"@type\":\"EntryPoint\",\"urlTemplate\":\"https:\/\/svajcimunka.com\/hu\/?s={search_term_string}\"},\"query-input\":\"required name=search_term_string\"}],\"inLanguage\":\"hu\"}]}<\/script>\n<!-- \/ Yoast SEO plugin. -->","yoast_head_json":{"title":"H\u00edrek - Svajci Munka","robots":{"index":"index","follow":"follow","max-snippet":"max-snippet:-1","max-image-preview":"max-image-preview:large","max-video-preview":"max-video-preview:-1"},"canonical":"https:\/\/svajcimunka.com\/hu\/hirek\/","og_locale":"hu_HU","og_type":"article","og_title":"H\u00edrek - Svajci Munka","og_url":"https:\/\/svajcimunka.com\/hu\/hirek\/","og_site_name":"Svajci Munka","article_modified_time":"2023-09-20T13:56:35+00:00","twitter_card":"summary_large_image","twitter_misc":{"Becs\u00fclt olvas\u00e1si id\u0151":"3 perc"},"schema":{"@context":"https:\/\/schema.org","@graph":[{"@type":"WebPage","@id":"https:\/\/svajcimunka.com\/hu\/hirek\/","url":"https:\/\/svajcimunka.com\/hu\/hirek\/","name":"H\u00edrek - Svajci Munka","isPartOf":{"@id":"https:\/\/svajcimunka.com\/hu\/#website"},"datePublished":"2018-04-03T07:06:47+00:00","dateModified":"2023-09-20T13:56:35+00:00","breadcrumb":{"@id":"https:\/\/svajcimunka.com\/hu\/hirek\/#breadcrumb"},"inLanguage":"hu","potentialAction":[{"@type":"ReadAction","target":["https:\/\/svajcimunka.com\/hu\/hirek\/"]}]},{"@type":"BreadcrumbList","@id":"https:\/\/svajcimunka.com\/hu\/hirek\/#breadcrumb","itemListElement":[{"@type":"ListItem","position":1,"name":"Home","item":"https:\/\/svajcimunka.com\/hu\/home\/"},{"@type":"ListItem","position":2,"name":"H\u00edrek"}]},{"@type":"WebSite","@id":"https:\/\/svajcimunka.com\/hu\/#website","url":"https:\/\/svajcimunka.com\/hu\/","name":"Svajci Munka","description":"","potentialAction":[{"@type":"SearchAction","target":{"@type":"EntryPoint","urlTemplate":"https:\/\/svajcimunka.com\/hu\/?s={search_term_string}"},"query-input":"required name=search_term_string"}],"inLanguage":"hu"}]}},"jetpack-related-posts":[{"id":824,"url":"https:\/\/svajcimunka.com\/arbeiten-in-der-schweiz\/","url_meta":{"origin":1306,"position":0},"title":"Arbeiten in der Schweiz","date":"m\u00e1jus 3, 2018","format":false,"excerpt":"","rel":"","context":"Similar post","img":{"alt_text":"","src":"","width":0,"height":0},"classes":[]},{"id":918,"url":"https:\/\/svajcimunka.com\/fachkrafte-aus-osteuropa\/","url_meta":{"origin":1306,"position":1},"title":"Fachkr\u00e4fte aus Osteuropa","date":"m\u00e1jus 22, 2023","format":false,"excerpt":"","rel":"","context":"Similar post","img":{"alt_text":"","src":"","width":0,"height":0},"classes":[]},{"id":1292,"url":"https:\/\/svajcimunka.com\/hu\/kelet-europai-szakmunkasok\/","url_meta":{"origin":1306,"position":2},"title":"Kelet-eur\u00f3pai szakmunk\u00e1sok","date":"m\u00e1jus 22, 2023","format":false,"excerpt":"","rel":"","context":"Similar post","img":{"alt_text":"","src":"","width":0,"height":0},"classes":[]},{"id":1234,"url":"https:\/\/svajcimunka.com\/hu\/munka-svajcban\/","url_meta":{"origin":1306,"position":3},"title":"Munka Sv\u00e1jcban","date":"m\u00e1jus 3, 2018","format":false,"excerpt":"","rel":"","context":"Similar post","img":{"alt_text":"","src":"","width":0,"height":0},"classes":[]},{"id":298,"url":"https:\/\/svajcimunka.com\/footer-template\/","url_meta":{"origin":1306,"position":4},"title":"Footer Template","date":"\u00e1prilis 1, 2018","format":false,"excerpt":"","rel":"","context":"Similar post","img":{"alt_text":"","src":"","width":0,"height":0},"classes":[]},{"id":1300,"url":"https:\/\/svajcimunka.com\/hu\/footer-template\/","url_meta":{"origin":1306,"position":5},"title":"Footer Template","date":"\u00e1prilis 1, 2018","format":false,"excerpt":"","rel":"","context":"Similar post","img":{"alt_text":"","src":"","width":0,"height":0},"classes":[]}],"_links":{"self":[{"href":"https:\/\/svajcimunka.com\/hu\/wp-json\/wp\/v2\/pages\/1306","targetHints":{"allow":["GET"]}}],"collection":[{"href":"https:\/\/svajcimunka.com\/hu\/wp-json\/wp\/v2\/pages"}],"about":[{"href":"https:\/\/svajcimunka.com\/hu\/wp-json\/wp\/v2\/types\/page"}],"author":[{"embeddable":true,"href":"https:\/\/svajcimunka.com\/hu\/wp-json\/wp\/v2\/users\/1"}],"replies":[{"embeddable":true,"href":"https:\/\/svajcimunka.com\/hu\/wp-json\/wp\/v2\/comments?post=1306"}],"version-history":[{"count":2,"href":"https:\/\/svajcimunka.com\/hu\/wp-json\/wp\/v2\/pages\/1306\/revisions"}],"predecessor-version":[{"id":1308,"href":"https:\/\/svajcimunka.com\/hu\/wp-json\/wp\/v2\/pages\/1306\/revisions\/1308"}],"wp:attachment":[{"href":"https:\/\/svajcimunka.com\/hu\/wp-json\/wp\/v2\/media?parent=1306"}],"curies":[{"name":"wp","href":"https:\/\/api.w.org\/{rel}","templated":true}]}}