{"id":1300,"date":"2018-04-01T07:46:58","date_gmt":"2018-04-01T07:46:58","guid":{"rendered":"https:\/\/svajcimunka.com\/footer-template\/"},"modified":"2023-09-20T13:48:30","modified_gmt":"2023-09-20T13:48:30","slug":"footer-template","status":"publish","type":"page","link":"https:\/\/svajcimunka.com\/hu\/footer-template\/","title":{"rendered":"Footer Template"},"content":{"rendered":"\n<style type=\"text\/css\" data-created_by=\"avia_inline_auto\" id=\"style-css-av-jfgi5bwp-b728498068496b07eda474e6f5fe614f\">\n.avia-section.av-jfgi5bwp-b728498068496b07eda474e6f5fe614f{\nbackground-color:#ffffff;\nbackground-image:unset;\n}\n<\/style>\n<div id='footer-template'  class='avia-section av-jfgi5bwp-b728498068496b07eda474e6f5fe614f footer_color avia-section-huge avia-no-shadow  avia-builder-el-0  avia-builder-el-no-sibling  avia-bg-style-scroll container_wrap fullsize'  ><div class='container av-section-cont-open' ><main  role=\"main\" itemprop=\"mainContentOfPage\"  class='template-page content  av-content-full alpha units'><div class='post-entry post-entry-type-page post-entry-1300'><div class='entry-content-wrapper clearfix'>\n\n<style type=\"text\/css\" data-created_by=\"avia_inline_auto\" id=\"style-css-av-jgs0dhmw-fbb15603ec0e89112e916a3485b9ca05\">\n#top .flex_column.av-jgs0dhmw-fbb15603ec0e89112e916a3485b9ca05{\nmargin-top:0px;\nmargin-bottom:0px;\n}\n.flex_column.av-jgs0dhmw-fbb15603ec0e89112e916a3485b9ca05{\n-webkit-border-radius:0px 0px 0px 0px;\n-moz-border-radius:0px 0px 0px 0px;\nborder-radius:0px 0px 0px 0px;\npadding:0px 0px 0px 0px;\n}\n.responsive #top #wrap_all .flex_column.av-jgs0dhmw-fbb15603ec0e89112e916a3485b9ca05{\nmargin-top:0px;\nmargin-bottom:0px;\n}\n<\/style>\n<div  class='flex_column av-jgs0dhmw-fbb15603ec0e89112e916a3485b9ca05 av_one_full  avia-builder-el-1  el_before_av_hr  avia-builder-el-first  first flex_column_div av-zero-column-padding avia-link-column av-column-link avia-link-column-hover  '    data-link-column-url=\"https:\/\/svajcimunka.com\/kontakt-svajci-munka\/\"   ><a class=\"av-screen-reader-only\" href=https:\/\/svajcimunka.com\/kontakt-svajci-munka\/ >Link to: Kontaktieren Sie uns<\/a><p>\n<style type=\"text\/css\" data-created_by=\"avia_inline_auto\" id=\"style-css-av-7xyze-ebbbcc40613d9ff719c20731b6ca09fb\">\n#top .av-special-heading.av-7xyze-ebbbcc40613d9ff719c20731b6ca09fb{\nmargin:0 0 0 0;\npadding-bottom:0;\nfont-size:50px;\n}\nbody .av-special-heading.av-7xyze-ebbbcc40613d9ff719c20731b6ca09fb .av-special-heading-tag .heading-char{\nfont-size:25px;\n}\n#top #wrap_all .av-special-heading.av-7xyze-ebbbcc40613d9ff719c20731b6ca09fb .av-special-heading-tag{\nfont-size:50px;\n}\n.av-special-heading.av-7xyze-ebbbcc40613d9ff719c20731b6ca09fb .av-subheading{\nfont-size:30px;\n}\n\n@media only screen and (min-width: 480px) and (max-width: 767px){ \n#top #wrap_all .av-special-heading.av-7xyze-ebbbcc40613d9ff719c20731b6ca09fb .av-special-heading-tag{\nfont-size:0.8em;\n}\n}\n\n@media only screen and (max-width: 479px){ \n#top #wrap_all .av-special-heading.av-7xyze-ebbbcc40613d9ff719c20731b6ca09fb .av-special-heading-tag{\nfont-size:0.8em;\n}\n}\n<\/style>\n<div  class='av-special-heading av-7xyze-ebbbcc40613d9ff719c20731b6ca09fb av-special-heading-h3 blockquote modern-quote modern-centered  avia-builder-el-2  el_before_av_textblock  avia-builder-el-first  av-inherit-size'><h3 class='av-special-heading-tag'  itemprop=\"headline\"  >Van m\u00e9g k\u00e9rd\u00e9se? Csak \u00edrj nek\u00fcnk egy e-mailt!<\/h3><div class=\"special-heading-border\"><div class=\"special-heading-inner-border\"><\/div><\/div><\/div><br \/>\n<section  class='av_textblock_section av-jgfdunv8-7d862165a3fb32c03aec48198cf2180c '   itemscope=\"itemscope\" itemtype=\"https:\/\/schema.org\/CreativeWork\" ><div class='avia_textblock'  itemprop=\"text\" ><p style=\"text-align: center;\">Forduljon hozz\u00e1nk bizalommal <a href=\"mailto:alex.meier@svajcimunka.com\">e-mailben<\/a> vagy <a href=\"phone:0041792619716\">telefonon<\/a>, ha vonz\u00f3 \u00e1ll\u00e1st keres. Sz\u00edvesen adunk tan\u00e1csot \u00e9s t\u00e1j\u00e9koztatjuk \u00d6nt a kil\u00e1t\u00e1sokr\u00f3l.<\/p>\n<\/div><\/section><\/p><\/div>\n<style type=\"text\/css\" data-created_by=\"avia_inline_auto\" id=\"style-css-av-jfj8eyp1-3f1640349e8f35ed5c950164b97417c8\">\n#top .hr.av-jfj8eyp1-3f1640349e8f35ed5c950164b97417c8{\nmargin-top:50px;\nmargin-bottom:50px;\n}\n.hr.av-jfj8eyp1-3f1640349e8f35ed5c950164b97417c8 .hr-inner{\nwidth:50px;\nborder-color:#d3d3d3;\nmax-width:45%;\n}\n.hr.av-jfj8eyp1-3f1640349e8f35ed5c950164b97417c8 .av-seperator-icon{\ncolor:#072f4c;\n}\n<\/style>\n<div  class='hr av-jfj8eyp1-3f1640349e8f35ed5c950164b97417c8 hr-custom  avia-builder-el-4  el_after_av_one_full  el_before_av_one_full  hr-center hr-icon-yes'><span class='hr-inner inner-border-av-border-thin'><span class=\"hr-inner-style\"><\/span><\/span><span class='av-seperator-icon' aria-hidden='true' data-av_icon='\uf119' data-av_iconfont='justice'><\/span><span class='hr-inner inner-border-av-border-thin'><span class=\"hr-inner-style\"><\/span><\/span><\/div>\n\n<style type=\"text\/css\" data-created_by=\"avia_inline_auto\" id=\"style-css-av-6kpu2-a7d3456606f09035c100c36fdc3f4766\">\n.flex_column.av-6kpu2-a7d3456606f09035c100c36fdc3f4766{\n-webkit-border-radius:0px 0px 0px 0px;\n-moz-border-radius:0px 0px 0px 0px;\nborder-radius:0px 0px 0px 0px;\npadding:0px 0px 0px 0px;\n}\n<\/style>\n<div  class='flex_column av-6kpu2-a7d3456606f09035c100c36fdc3f4766 av_one_full  avia-builder-el-5  el_after_av_hr  el_before_av_hr  first flex_column_div av-zero-column-padding  '     ><p><div  class='avia-buttonrow-wrap av-jfj7zffg-3b7f4d9e61596617272ffa7544bf6807 avia-buttonrow-center  avia-builder-el-6  el_before_av_textblock  avia-builder-el-first '>\n\n<style type=\"text\/css\" data-created_by=\"avia_inline_auto\" id=\"style-css-av-g4seq-33231e462a29bb87f04cf9d24023e5e8\">\n#top #wrap_all .avia-button.av-g4seq-33231e462a29bb87f04cf9d24023e5e8{\nmargin-bottom:20px;\nmargin-right:10px;\nmargin-left:10px;\n}\n<\/style>\n<a href='#' data-avia-tooltip=\"K\u00f6vessen a LinkedIn-en\" class='avia-button av-g4seq-33231e462a29bb87f04cf9d24023e5e8 avia-icon_select-yes-left-icon avia-size-large av-button-label-on-hover av-button-notext avia-color-theme-color'  ><span class='avia_button_icon avia_button_icon_left ' aria-hidden='true' data-av_icon='\ue8fc' data-av_iconfont='entypo-fontello'><\/span><span class='avia_iconbox_title' ><\/span><\/a>\n\n<style type=\"text\/css\" data-created_by=\"avia_inline_auto\" id=\"style-css-av-11owzu-62cc03cada582aa0584871c99f1437d0\">\n#top #wrap_all .avia-button.av-11owzu-62cc03cada582aa0584871c99f1437d0{\nmargin-bottom:20px;\nmargin-right:10px;\nmargin-left:10px;\n}\n<\/style>\n<a href='#' data-avia-tooltip=\"K\u00f6vessen a Twitteren\" class='avia-button av-11owzu-62cc03cada582aa0584871c99f1437d0 avia-icon_select-yes-left-icon avia-size-large av-button-label-on-hover av-button-notext avia-color-theme-color'  ><span class='avia_button_icon avia_button_icon_left ' aria-hidden='true' data-av_icon='\ue8f1' data-av_iconfont='entypo-fontello'><\/span><span class='avia_iconbox_title' ><\/span><\/a>\n\n<style type=\"text\/css\" data-created_by=\"avia_inline_auto\" id=\"style-css-av-v30ya-7c2f21e70c92ec7e0e79e3251ce71f1b\">\n#top #wrap_all .avia-button.av-v30ya-7c2f21e70c92ec7e0e79e3251ce71f1b{\nmargin-bottom:20px;\nmargin-right:10px;\nmargin-left:10px;\n}\n<\/style>\n<a href='#' data-avia-tooltip=\"K\u00f6vessen a Facebookon\" class='avia-button av-v30ya-7c2f21e70c92ec7e0e79e3251ce71f1b avia-icon_select-yes-left-icon avia-size-large av-button-label-on-hover av-button-notext avia-color-theme-color'  ><span class='avia_button_icon avia_button_icon_left ' aria-hidden='true' data-av_icon='\ue8f3' data-av_iconfont='entypo-fontello'><\/span><span class='avia_iconbox_title' ><\/span><\/a>\n\n<style type=\"text\/css\" data-created_by=\"avia_inline_auto\" id=\"style-css-av-jx31m-0728fd538080ca06ca0316128c4e0d74\">\n#top #wrap_all .avia-button.av-jx31m-0728fd538080ca06ca0316128c4e0d74{\nmargin-bottom:20px;\nmargin-right:10px;\nmargin-left:10px;\n}\n<\/style>\n<a href='#' data-avia-tooltip=\"K\u00f6vess engem az Instagramon\" class='avia-button av-jx31m-0728fd538080ca06ca0316128c4e0d74 avia-icon_select-yes-left-icon avia-size-large av-button-label-on-hover av-button-notext avia-color-theme-color'  ><span class='avia_button_icon avia_button_icon_left ' aria-hidden='true' data-av_icon='\ue909' data-av_iconfont='entypo-fontello'><\/span><span class='avia_iconbox_title' ><\/span><\/a>\n\n<style type=\"text\/css\" data-created_by=\"avia_inline_auto\" id=\"style-css-av-6qf2y-ca8a09c4d954f2745f792f23017c14ac\">\n#top #wrap_all .avia-button.av-6qf2y-ca8a09c4d954f2745f792f23017c14ac{\nmargin-bottom:20px;\nmargin-right:10px;\nmargin-left:10px;\n}\n<\/style>\n<a href='#' data-avia-tooltip=\"L\u00e9pjen vel\u00fcnk kapcsolatba\" class='avia-button av-6qf2y-ca8a09c4d954f2745f792f23017c14ac avia-icon_select-yes-left-icon avia-size-large av-button-label-on-hover av-button-notext avia-color-theme-color'  ><span class='avia_button_icon avia_button_icon_left ' aria-hidden='true' data-av_icon='\ue805' data-av_iconfont='entypo-fontello'><\/span><span class='avia_iconbox_title' ><\/span><\/a>\n<\/div><br \/>\n\n<style type=\"text\/css\" data-created_by=\"avia_inline_auto\" id=\"style-css-av-jgqlrqxr-74c1aa1ea5d7e79144387e3c262ca32c\">\n#top .av_textblock_section.av-jgqlrqxr-74c1aa1ea5d7e79144387e3c262ca32c .avia_textblock{\nfont-size:12px;\n}\n<\/style>\n<section  class='av_textblock_section av-jgqlrqxr-74c1aa1ea5d7e79144387e3c262ca32c '   itemscope=\"itemscope\" itemtype=\"https:\/\/schema.org\/CreativeWork\" ><div class='avia_textblock'  itemprop=\"text\" ><p style=\"text-align: center;\"><strong>IMPRINT (NYOMD\u00c1Z\u00c1S)<\/strong><\/p>\n<p style=\"text-align: center;\">Sv\u00e1jci Munka Korl\u00e1tolt Felel\u0151ss\u00e9g\u0171 T\u00e1rsas\u00e1g | HU-1063 Budapest | Szondi utca 42\/C 1. em. 1. ajt\u00f3<br \/>\nTelefonsz\u00e1m: +555 240 92 20 | Fax: +555 240 51 94 | E-mail c\u00edm: office@enfold-law-office.com<br \/>\nVAT-Nummer: 32247415-2-42 | UID: HU32247415 | Eur\u00f3pai Egyedi Azonos\u00edt\u00f3: HUOCCSZ.01-09-414059<\/p>\n<p style=\"text-align: center;\">\n<p style=\"text-align: center;\"><strong>KIZ\u00c1R\u00d3LAGOSS\u00c1GI FELT\u00c9TEL<\/strong><\/p>\n<\/div><\/section><\/p><\/div>\n<style type=\"text\/css\" data-created_by=\"avia_inline_auto\" id=\"style-css-av-jfj8eyp1-2-f446c7ef8e608c2fdc3e04f00445b26a\">\n#top .hr.av-jfj8eyp1-2-f446c7ef8e608c2fdc3e04f00445b26a{\nmargin-top:30px;\nmargin-bottom:30px;\n}\n.hr.av-jfj8eyp1-2-f446c7ef8e608c2fdc3e04f00445b26a .hr-inner{\nwidth:50px;\nborder-color:#d3d3d3;\nmax-width:45%;\n}\n.hr.av-jfj8eyp1-2-f446c7ef8e608c2fdc3e04f00445b26a .av-seperator-icon{\ncolor:#072f4c;\n}\n<\/style>\n<div  class='hr av-jfj8eyp1-2-f446c7ef8e608c2fdc3e04f00445b26a hr-custom  avia-builder-el-8  el_after_av_one_full  el_before_av_one_third  hr-center hr-icon-yes'><span class='hr-inner inner-border-av-border-thin'><span class=\"hr-inner-style\"><\/span><\/span><span class='av-seperator-icon' aria-hidden='true' data-av_icon='\uf119' data-av_iconfont='justice'><\/span><span class='hr-inner inner-border-av-border-thin'><span class=\"hr-inner-style\"><\/span><\/span><\/div>\n\n<style type=\"text\/css\" data-created_by=\"avia_inline_auto\" id=\"style-css-av-2gdk2-12eaeaa277ef8003cf48ac4e08a9702e\">\n#top .flex_column.av-2gdk2-12eaeaa277ef8003cf48ac4e08a9702e{\nmargin-top:0px;\nmargin-bottom:0px;\n}\n.flex_column.av-2gdk2-12eaeaa277ef8003cf48ac4e08a9702e{\n-webkit-border-radius:0px 0px 0px 0px;\n-moz-border-radius:0px 0px 0px 0px;\nborder-radius:0px 0px 0px 0px;\npadding:0px 0px 0px 0px;\n}\n.responsive #top #wrap_all .flex_column.av-2gdk2-12eaeaa277ef8003cf48ac4e08a9702e{\nmargin-top:0px;\nmargin-bottom:0px;\n}\n<\/style>\n<div  class='flex_column av-2gdk2-12eaeaa277ef8003cf48ac4e08a9702e av_one_third  avia-builder-el-9  el_after_av_hr  el_before_av_one_third  first flex_column_div av-zero-column-padding  '     ><\/div>\n<style type=\"text\/css\" data-created_by=\"avia_inline_auto\" id=\"style-css-av-lejfe-b69b8fcdab57c65eb879b9985737f0d1\">\n#top .flex_column.av-lejfe-b69b8fcdab57c65eb879b9985737f0d1{\nmargin-top:0px;\nmargin-bottom:0px;\n}\n.flex_column.av-lejfe-b69b8fcdab57c65eb879b9985737f0d1{\n-webkit-border-radius:0px 0px 0px 0px;\n-moz-border-radius:0px 0px 0px 0px;\nborder-radius:0px 0px 0px 0px;\npadding:0px 0px 0px 0px;\n}\n.responsive #top #wrap_all .flex_column.av-lejfe-b69b8fcdab57c65eb879b9985737f0d1{\nmargin-top:0px;\nmargin-bottom:0px;\n}\n<\/style>\n<div  class='flex_column av-lejfe-b69b8fcdab57c65eb879b9985737f0d1 av_one_third  avia-builder-el-10  el_after_av_one_third  el_before_av_one_third  flex_column_div av-zero-column-padding  '     ><style type=\"text\/css\" data-created_by=\"avia_inline_auto\" id=\"style-css-av-jfiohzkt-e3603554f0ef901fd0957827514eaccc\">\n#top .av_textblock_section.av-jfiohzkt-e3603554f0ef901fd0957827514eaccc .avia_textblock{\nfont-size:12px;\n}\n<\/style>\n<section  class='av_textblock_section av-jfiohzkt-e3603554f0ef901fd0957827514eaccc '   itemscope=\"itemscope\" itemtype=\"https:\/\/schema.org\/CreativeWork\" ><div class='avia_textblock'  itemprop=\"text\" ><p style=\"text-align: center;\"><a href=\"#\">About<\/a> | <a href=\"#\">Imprint<\/a> | <a href=\"#\">Contact<\/a> | <a href=\"#\">Terms<\/a><\/p>\n<\/div><\/section><br \/>\n\n<style type=\"text\/css\" data-created_by=\"avia_inline_auto\" id=\"style-css-av-jfiohzkt-1-2486e997232dfb0cf0a664ea4bce65ed\">\n#top .av_textblock_section.av-jfiohzkt-1-2486e997232dfb0cf0a664ea4bce65ed .avia_textblock{\nfont-size:12px;\n}\n<\/style>\n<section  class='av_textblock_section av-jfiohzkt-1-2486e997232dfb0cf0a664ea4bce65ed '   itemscope=\"itemscope\" itemtype=\"https:\/\/schema.org\/CreativeWork\" ><div class='avia_textblock'  itemprop=\"text\" ><p style=\"text-align: center;\">\u00a9 by Svajci Munka KFT, 2023 | Developed by <a href=\"http:\/\/www.kmu-digitalisierung.agency\">KMU Digitalisierung GmbH<\/a><\/p>\n<\/div><\/section><\/p><\/div>\n<style type=\"text\/css\" data-created_by=\"avia_inline_auto\" id=\"style-css-av-6l59m-51624b6b6514d7f5d36c2165f396e1c8\">\n#top .flex_column.av-6l59m-51624b6b6514d7f5d36c2165f396e1c8{\nmargin-top:0px;\nmargin-bottom:0px;\n}\n.flex_column.av-6l59m-51624b6b6514d7f5d36c2165f396e1c8{\n-webkit-border-radius:0px 0px 0px 0px;\n-moz-border-radius:0px 0px 0px 0px;\nborder-radius:0px 0px 0px 0px;\npadding:0px 0px 0px 0px;\n}\n.responsive #top #wrap_all .flex_column.av-6l59m-51624b6b6514d7f5d36c2165f396e1c8{\nmargin-top:0px;\nmargin-bottom:0px;\n}\n<\/style>\n<div  class='flex_column av-6l59m-51624b6b6514d7f5d36c2165f396e1c8 av_one_third  avia-builder-el-13  el_after_av_one_third  avia-builder-el-last  flex_column_div av-zero-column-padding  '     ><\/div>\n","protected":false},"excerpt":{"rendered":"","protected":false},"author":1,"featured_media":0,"parent":0,"menu_order":0,"comment_status":"closed","ping_status":"closed","template":"","meta":{"footnotes":""},"class_list":["post-1300","page","type-page","status-publish","hentry"],"yoast_head":"<!-- This site is optimized with the Yoast SEO plugin v20.7 - https:\/\/yoast.com\/wordpress\/plugins\/seo\/ -->\n<title>Footer Template - Svajci Munka<\/title>\n<meta name=\"robots\" content=\"index, follow, max-snippet:-1, max-image-preview:large, max-video-preview:-1\" \/>\n<link rel=\"canonical\" href=\"https:\/\/svajcimunka.com\/hu\/footer-template\/\" \/>\n<meta property=\"og:locale\" content=\"hu_HU\" \/>\n<meta property=\"og:type\" content=\"article\" \/>\n<meta property=\"og:title\" content=\"Footer Template - Svajci Munka\" \/>\n<meta property=\"og:url\" content=\"https:\/\/svajcimunka.com\/hu\/footer-template\/\" \/>\n<meta property=\"og:site_name\" content=\"Svajci Munka\" \/>\n<meta property=\"article:modified_time\" content=\"2023-09-20T13:48:30+00:00\" \/>\n<meta name=\"twitter:card\" content=\"summary_large_image\" \/>\n<meta name=\"twitter:label1\" content=\"Becs\u00fclt olvas\u00e1si id\u0151\" \/>\n\t<meta name=\"twitter:data1\" content=\"12 perc\" \/>\n<script type=\"application\/ld+json\" class=\"yoast-schema-graph\">{\"@context\":\"https:\/\/schema.org\",\"@graph\":[{\"@type\":\"WebPage\",\"@id\":\"https:\/\/svajcimunka.com\/hu\/footer-template\/\",\"url\":\"https:\/\/svajcimunka.com\/hu\/footer-template\/\",\"name\":\"Footer Template - Svajci Munka\",\"isPartOf\":{\"@id\":\"https:\/\/svajcimunka.com\/hu\/#website\"},\"datePublished\":\"2018-04-01T07:46:58+00:00\",\"dateModified\":\"2023-09-20T13:48:30+00:00\",\"breadcrumb\":{\"@id\":\"https:\/\/svajcimunka.com\/hu\/footer-template\/#breadcrumb\"},\"inLanguage\":\"hu\",\"potentialAction\":[{\"@type\":\"ReadAction\",\"target\":[\"https:\/\/svajcimunka.com\/hu\/footer-template\/\"]}]},{\"@type\":\"BreadcrumbList\",\"@id\":\"https:\/\/svajcimunka.com\/hu\/footer-template\/#breadcrumb\",\"itemListElement\":[{\"@type\":\"ListItem\",\"position\":1,\"name\":\"Home\",\"item\":\"https:\/\/svajcimunka.com\/hu\/home\/\"},{\"@type\":\"ListItem\",\"position\":2,\"name\":\"Footer Template\"}]},{\"@type\":\"WebSite\",\"@id\":\"https:\/\/svajcimunka.com\/hu\/#website\",\"url\":\"https:\/\/svajcimunka.com\/hu\/\",\"name\":\"Svajci Munka\",\"description\":\"\",\"potentialAction\":[{\"@type\":\"SearchAction\",\"target\":{\"@type\":\"EntryPoint\",\"urlTemplate\":\"https:\/\/svajcimunka.com\/hu\/?s={search_term_string}\"},\"query-input\":\"required name=search_term_string\"}],\"inLanguage\":\"hu\"}]}<\/script>\n<!-- \/ Yoast SEO plugin. -->","yoast_head_json":{"title":"Footer Template - Svajci Munka","robots":{"index":"index","follow":"follow","max-snippet":"max-snippet:-1","max-image-preview":"max-image-preview:large","max-video-preview":"max-video-preview:-1"},"canonical":"https:\/\/svajcimunka.com\/hu\/footer-template\/","og_locale":"hu_HU","og_type":"article","og_title":"Footer Template - Svajci Munka","og_url":"https:\/\/svajcimunka.com\/hu\/footer-template\/","og_site_name":"Svajci Munka","article_modified_time":"2023-09-20T13:48:30+00:00","twitter_card":"summary_large_image","twitter_misc":{"Becs\u00fclt olvas\u00e1si id\u0151":"12 perc"},"schema":{"@context":"https:\/\/schema.org","@graph":[{"@type":"WebPage","@id":"https:\/\/svajcimunka.com\/hu\/footer-template\/","url":"https:\/\/svajcimunka.com\/hu\/footer-template\/","name":"Footer Template - Svajci Munka","isPartOf":{"@id":"https:\/\/svajcimunka.com\/hu\/#website"},"datePublished":"2018-04-01T07:46:58+00:00","dateModified":"2023-09-20T13:48:30+00:00","breadcrumb":{"@id":"https:\/\/svajcimunka.com\/hu\/footer-template\/#breadcrumb"},"inLanguage":"hu","potentialAction":[{"@type":"ReadAction","target":["https:\/\/svajcimunka.com\/hu\/footer-template\/"]}]},{"@type":"BreadcrumbList","@id":"https:\/\/svajcimunka.com\/hu\/footer-template\/#breadcrumb","itemListElement":[{"@type":"ListItem","position":1,"name":"Home","item":"https:\/\/svajcimunka.com\/hu\/home\/"},{"@type":"ListItem","position":2,"name":"Footer Template"}]},{"@type":"WebSite","@id":"https:\/\/svajcimunka.com\/hu\/#website","url":"https:\/\/svajcimunka.com\/hu\/","name":"Svajci Munka","description":"","potentialAction":[{"@type":"SearchAction","target":{"@type":"EntryPoint","urlTemplate":"https:\/\/svajcimunka.com\/hu\/?s={search_term_string}"},"query-input":"required name=search_term_string"}],"inLanguage":"hu"}]}},"jetpack-related-posts":[{"id":824,"url":"https:\/\/svajcimunka.com\/arbeiten-in-der-schweiz\/","url_meta":{"origin":1300,"position":0},"title":"Arbeiten in der Schweiz","date":"m\u00e1jus 3, 2018","format":false,"excerpt":"","rel":"","context":"Similar post","img":{"alt_text":"","src":"","width":0,"height":0},"classes":[]},{"id":918,"url":"https:\/\/svajcimunka.com\/fachkrafte-aus-osteuropa\/","url_meta":{"origin":1300,"position":1},"title":"Fachkr\u00e4fte aus Osteuropa","date":"m\u00e1jus 22, 2023","format":false,"excerpt":"","rel":"","context":"Similar post","img":{"alt_text":"","src":"","width":0,"height":0},"classes":[]},{"id":1292,"url":"https:\/\/svajcimunka.com\/hu\/kelet-europai-szakmunkasok\/","url_meta":{"origin":1300,"position":2},"title":"Kelet-eur\u00f3pai szakmunk\u00e1sok","date":"m\u00e1jus 22, 2023","format":false,"excerpt":"","rel":"","context":"Similar post","img":{"alt_text":"","src":"","width":0,"height":0},"classes":[]},{"id":1234,"url":"https:\/\/svajcimunka.com\/hu\/munka-svajcban\/","url_meta":{"origin":1300,"position":3},"title":"Munka Sv\u00e1jcban","date":"m\u00e1jus 3, 2018","format":false,"excerpt":"","rel":"","context":"Similar post","img":{"alt_text":"","src":"","width":0,"height":0},"classes":[]},{"id":298,"url":"https:\/\/svajcimunka.com\/footer-template\/","url_meta":{"origin":1300,"position":4},"title":"Footer Template","date":"\u00e1prilis 1, 2018","format":false,"excerpt":"","rel":"","context":"Similar post","img":{"alt_text":"","src":"","width":0,"height":0},"classes":[]},{"id":1319,"url":"https:\/\/svajcimunka.com\/en\/footer-template\/","url_meta":{"origin":1300,"position":5},"title":"Footer Template","date":"\u00e1prilis 1, 2018","format":false,"excerpt":"","rel":"","context":"Similar post","img":{"alt_text":"","src":"","width":0,"height":0},"classes":[]}],"_links":{"self":[{"href":"https:\/\/svajcimunka.com\/hu\/wp-json\/wp\/v2\/pages\/1300","targetHints":{"allow":["GET"]}}],"collection":[{"href":"https:\/\/svajcimunka.com\/hu\/wp-json\/wp\/v2\/pages"}],"about":[{"href":"https:\/\/svajcimunka.com\/hu\/wp-json\/wp\/v2\/types\/page"}],"author":[{"embeddable":true,"href":"https:\/\/svajcimunka.com\/hu\/wp-json\/wp\/v2\/users\/1"}],"replies":[{"embeddable":true,"href":"https:\/\/svajcimunka.com\/hu\/wp-json\/wp\/v2\/comments?post=1300"}],"version-history":[{"count":1,"href":"https:\/\/svajcimunka.com\/hu\/wp-json\/wp\/v2\/pages\/1300\/revisions"}],"predecessor-version":[{"id":1301,"href":"https:\/\/svajcimunka.com\/hu\/wp-json\/wp\/v2\/pages\/1300\/revisions\/1301"}],"wp:attachment":[{"href":"https:\/\/svajcimunka.com\/hu\/wp-json\/wp\/v2\/media?parent=1300"}],"curies":[{"name":"wp","href":"https:\/\/api.w.org\/{rel}","templated":true}]}}